
{"id":14794,"date":"2025-03-23T15:17:48","date_gmt":"2025-03-23T15:17:48","guid":{"rendered":"https:\/\/www.lesavoirfrance.com\/?page_id=14794"},"modified":"2026-04-01T09:42:26","modified_gmt":"2026-04-01T09:42:26","slug":"our-story","status":"publish","type":"page","link":"https:\/\/www.lesavoirfrance.com\/en\/our-story\/","title":{"rendered":"Our Story"},"content":{"rendered":"\t\t<div data-elementor-type=\"wp-page\" data-elementor-id=\"14794\" class=\"elementor elementor-14794\">\n\t\t\t\t<div class=\"elementor-element elementor-element-5f1831d e-con-full e-flex e-con e-parent\" data-id=\"5f1831d\" data-element_type=\"container\" id=\"cs-story\">\n\t\t<div class=\"elementor-element elementor-element-e409fd1 e-con-full spl-about-content11 category-banner spl-btn-bg e-flex e-con e-child\" data-id=\"e409fd1\" data-element_type=\"container\">\n\t\t\t\t<div class=\"elementor-element elementor-element-16f13fa elementor-widget__width-initial elementor-widget elementor-widget-heading\" data-id=\"16f13fa\" data-element_type=\"widget\" id=\"our-story-tt\" data-widget_type=\"heading.default\">\n\t\t\t\t<div class=\"elementor-widget-container\">\n\t\t\t<h1 class=\"elementor-heading-title elementor-size-default\">Notre Histoire<\/h1>\t\t<\/div>\n\t\t\t\t<\/div>\n\t\t\t\t<\/div>\n\t\t<div class=\"elementor-element elementor-element-522ae6f e-con-full e-flex e-con e-child\" data-id=\"522ae6f\" data-element_type=\"container\">\n\t\t\t\t<div class=\"elementor-element elementor-element-693bc63 elementor-widget elementor-widget-text-editor\" data-id=\"693bc63\" data-element_type=\"widget\" data-widget_type=\"text-editor.default\">\n\t\t\t\t<div class=\"elementor-widget-container\">\n\t\t\t\t\t\t\t<div id=\"our-story-content\">\n<p style=\"line-height: 30px; margin-top: 10px; font-size: 16px;\">\nLe Savoir Vivre a \u00e9t\u00e9 fond\u00e9e \u00e0 l\u2019\u00e9t\u00e9 2024 dans le charmant village de Valbonne, dans le Sud de la France, \u00e0 deux pas de Grasse, capitale mondiale du parfum. N\u00e9e d\u2019une passion pour l\u2019artisanat, la beaut\u00e9 et le parfum, la Maison est n\u00e9e d\u2019une vision claire : cr\u00e9er les plus belles bougies parfum\u00e9es et parfums, \u00e0 partir d\u2019ingr\u00e9dients naturels et inspir\u00e9s du patrimoine olfactif de Grasse.<\/p><p style=\"line-height: 30px; margin-top: 10px; font-size: 16px;\">\nAncr\u00e9e dans l\u2019h\u00e9ritage de la parfumerie fran\u00e7aise et inspir\u00e9e par un art de vivre raffin\u00e9, Le Savoir Vivre r\u00e9unit des mati\u00e8res d\u2019exception, un savoir-faire artisanal et une \u00e9l\u00e9gance intemporelle. Fid\u00e8le \u00e0 son nom, la Maison incarne une vision du luxe dans chaque d\u00e9cor, o\u00f9 chaque cr\u00e9ation sublime le quotidien par la chaleur, la beaut\u00e9 et le raffinement.<\/p>\n<\/div>\t\t\t\t\t\t<\/div>\n\t\t\t\t<\/div>\n\t\t\t\t<\/div>\n\t\t\t\t<\/div>\n\t\t<div class=\"elementor-element elementor-element-b8dd791 e-flex e-con-boxed e-con e-parent\" data-id=\"b8dd791\" data-element_type=\"container\">\n\t\t\t\t\t<div class=\"e-con-inner\">\n\t\t\t\t<div class=\"elementor-element elementor-element-5a0956f elementor-widget elementor-widget-html\" data-id=\"5a0956f\" data-element_type=\"widget\" data-widget_type=\"html.default\">\n\t\t\t\t<div class=\"elementor-widget-container\">\n\t\t\t<style>\n    .breadcrumb-title-wrapper .breadcrumb-title{\n        display:none;\n    }\n    #cs-story{\n        display: flex;\n        padding: 0 50px;\n    }\n<\/style>\n<script type=\"text\/javascript\">\n    document.addEventListener('DOMContentLoaded', function() {\n        \/\/ Get the full language code (e.g., 'fr-FR')\n        var currentLanguage = document.documentElement.lang || 'en'; \/\/ Default to 'en' \n\n        \/\/ Extract the language code (e.g., 'fr' from 'fr-FR')\n        var languageCode = currentLanguage.split('-')[0];\n\n\n        \/\/ Check if the language is French\n        if (languageCode === 'fr') {\n            \/\/ Change the content of the \"our-story-content\" div to French\n            document.getElementById('our-story-content').innerHTML = `\n                <p style=\"line-height: 30px; margin-top: 10px; font-size: 16px;\">\n                    Le Savoir Vivre a \u00e9t\u00e9 fond\u00e9 \u00e0 l'\u00e9t\u00e9 2024 dans le village du Sud de la France, Valbonne, \u00e0 deux pas de Grasse, la capitale mondiale du parfum. La vision de nos fondateurs \u00e9tait simple : cr\u00e9er les bougies parfum\u00e9es et parfums les plus fins au monde, sous tous les aspects du terme. Pourquoi ? L'industrie des bougies parfum\u00e9es et des parfums est satur\u00e9e de commercialisme. Les consommateurs paient 90 % pour le marketing, et 10 % pour le produit. Malgr\u00e9 plusieurs Maisons offrant des produits de luxe, Le Savoir Vivre se concentre sur le 1 %, et non sur les masses. Artisanales, limit\u00e9es, coul\u00e9es \u00e0 la main et fabriqu\u00e9es avec amour, nous sommes une marque pour le 1 % utilisant des ingr\u00e9dients et des essences non utilis\u00e9es par les marques grand public. Notre \u00e9thique de marque est simple : constante, neutre, \u00e9l\u00e9gante et luxueuse dans tous les environnements.\n                <\/p>\n                <p style=\"line-height: 30px; margin-top: 10px; font-size: 16px;\">\n                    Le Savoir Vivre fait partie de Maison Bahou, un groupe de vente au d\u00e9tail de luxe bas\u00e9 en France. Notre mission est de cr\u00e9er des bougies et des parfums naturels, \u00e9thiquement sourc\u00e9s, s\u00fbrs \u00e0 br\u00fbler et \u00e0 vaporiser, en respectant les r\u00e9glementations sanitaires fran\u00e7aises et europ\u00e9ennes. Nous proposons \u00e9galement des recharges pour plusieurs de nos bougies, dans un effort de cr\u00e9er une entreprise \u00e9co-responsable et de r\u00e9duire les d\u00e9chets ainsi que la n\u00e9cessit\u00e9 pour nos clients d'acheter \u00e0 maintes reprises les m\u00eames pots de bougies.\n                <\/p>\n                <p style=\"line-height: 30px; margin-top: 10px; font-size: 16px;\">\n                    Pour nos invit\u00e9s assez chanceux pour visiter notre petite boutique au c\u0153ur du village de Valbonne, nous proposons des recharges de bougies en magasin pour toutes les marques. Nous exp\u00e9dions dans le monde entier, l\u00e0 o\u00f9 la r\u00e9glementation le permet.\n                <\/p>\n            `;\n            \n            document.getElementById('our-story-tt').querySelector('h1').textContent = 'Nuestra Historia';\n        }\n    });\n<\/script>\t\t<\/div>\n\t\t\t\t<\/div>\n\t\t\t\t\t<\/div>\n\t\t\t\t<\/div>\n\t\t\t\t<\/div>\n\t\t","protected":false},"excerpt":{"rendered":"<p>Notre Histoire Le Savoir Vivre a \u00e9t\u00e9 fond\u00e9e \u00e0 l\u2019\u00e9t\u00e9 2024 dans le charmant village de Valbonne, dans le Sud de la France, \u00e0 deux pas de Grasse, capitale mondiale du parfum. N\u00e9e d\u2019une passion pour l\u2019artisanat, la beaut\u00e9 et le parfum, la Maison est n\u00e9e d\u2019une vision claire : cr\u00e9er les plus belles bougies [&hellip;]<\/p>\n","protected":false},"author":1,"featured_media":0,"parent":0,"menu_order":0,"comment_status":"closed","ping_status":"closed","template":"","meta":{"_uf_show_specific_survey":0,"_uf_disable_surveys":false,"iawp_total_views":951,"footnotes":""},"class_list":["post-14794","page","type-page","status-publish","hentry"],"aioseo_notices":[],"jetpack_sharing_enabled":true,"_links":{"self":[{"href":"https:\/\/www.lesavoirfrance.com\/en\/wp-json\/wp\/v2\/pages\/14794","targetHints":{"allow":["GET"]}}],"collection":[{"href":"https:\/\/www.lesavoirfrance.com\/en\/wp-json\/wp\/v2\/pages"}],"about":[{"href":"https:\/\/www.lesavoirfrance.com\/en\/wp-json\/wp\/v2\/types\/page"}],"author":[{"embeddable":true,"href":"https:\/\/www.lesavoirfrance.com\/en\/wp-json\/wp\/v2\/users\/1"}],"replies":[{"embeddable":true,"href":"https:\/\/www.lesavoirfrance.com\/en\/wp-json\/wp\/v2\/comments?post=14794"}],"version-history":[{"count":116,"href":"https:\/\/www.lesavoirfrance.com\/en\/wp-json\/wp\/v2\/pages\/14794\/revisions"}],"predecessor-version":[{"id":19214,"href":"https:\/\/www.lesavoirfrance.com\/en\/wp-json\/wp\/v2\/pages\/14794\/revisions\/19214"}],"wp:attachment":[{"href":"https:\/\/www.lesavoirfrance.com\/en\/wp-json\/wp\/v2\/media?parent=14794"}],"curies":[{"name":"wp","href":"https:\/\/api.w.org\/{rel}","templated":true}]}}