
{"id":19304,"date":"2026-04-02T13:07:03","date_gmt":"2026-04-02T13:07:03","guid":{"rendered":"https:\/\/www.lesavoirfrance.com\/?page_id=19304"},"modified":"2026-04-04T06:59:14","modified_gmt":"2026-04-04T06:59:14","slug":"requesting-the-catalogue","status":"publish","type":"page","link":"https:\/\/www.lesavoirfrance.com\/en\/requesting-the-catalogue\/","title":{"rendered":"requesting the catalogue"},"content":{"rendered":"<div data-elementor-type=\"wp-page\" data-elementor-id=\"19304\" class=\"elementor elementor-19304\">\n\t\t\t\t<div class=\"elementor-element elementor-element-fee2011 e-flex e-con-boxed e-con e-parent\" data-id=\"fee2011\" data-element_type=\"container\" data-settings=\"{&quot;background_background&quot;:&quot;classic&quot;}\">\n\t\t\t\t\t<div class=\"e-con-inner\">\n\t\t<div class=\"elementor-element elementor-element-b03755d e-con-full e-flex e-con e-child\" data-id=\"b03755d\" data-element_type=\"container\">\n\t\t<div class=\"elementor-element elementor-element-1f6007b e-con-full video-crop-wrap e-flex e-con e-child\" data-id=\"1f6007b\" data-element_type=\"container\">\n\t\t\t\t<div class=\"elementor-element elementor-element-384da65 elementor-widget elementor-widget-heading\" data-id=\"384da65\" data-element_type=\"widget\" data-widget_type=\"heading.default\">\n\t\t\t\t<div class=\"elementor-widget-container\">\n\t\t\t<h2 class=\"elementor-heading-title elementor-size-default\">Catalogue request<\/h2>\t\t<\/div>\n\t\t\t\t<\/div>\n\t\t\t\t<div class=\"elementor-element elementor-element-81493cb elementor-widget elementor-widget-html\" data-id=\"81493cb\" data-element_type=\"widget\" data-widget_type=\"html.default\">\n\t\t\t\t<div class=\"elementor-widget-container\">\n\t\t\t<div >\n<img decoding=\"async\" src=\"https:\/\/www.lesavoirfrance.com\/wp-content\/themes\/merto\/images\/lesavoir-france-logo.png\" \/>\n<p style=\"margin-top:15px;text-align:center;\">Thank you for your interest. Please fill in your details to receive our catalogue by email.<\/p>\n<\/div>\t\t<\/div>\n\t\t\t\t<\/div>\n\t\t\t\t<\/div>\n\t\t<div class=\"elementor-element elementor-element-73e207e e-con-full e-flex e-con e-child\" data-id=\"73e207e\" data-element_type=\"container\">\n\t\t\t\t<div class=\"elementor-element elementor-element-83f4f98 elementor-widget elementor-widget-shortcode\" data-id=\"83f4f98\" data-element_type=\"widget\" data-widget_type=\"shortcode.default\">\n\t\t\t\t<div class=\"elementor-widget-container\">\n\t\t\t\t\t<div class=\"elementor-shortcode\">\n<div class=\"wpcf7 no-js\" id=\"wpcf7-f19305-o1\" lang=\"en-US\" dir=\"ltr\">\n<div class=\"screen-reader-response\"><p role=\"status\" aria-live=\"polite\" aria-atomic=\"true\"><\/p> <ul><\/ul><\/div>\n<form action=\"\/en\/wp-json\/wp\/v2\/pages\/19304#wpcf7-f19305-o1\" method=\"post\" class=\"wpcf7-form init\" aria-label=\"Contact form\" novalidate=\"novalidate\" data-status=\"init\" data-trp-original-action=\"\/en\/wp-json\/wp\/v2\/pages\/19304#wpcf7-f19305-o1\">\n<div style=\"display: none;\">\n<input type=\"hidden\" name=\"_wpcf7\" value=\"19305\" \/>\n<input type=\"hidden\" name=\"_wpcf7_version\" value=\"5.9.8\" \/>\n<input type=\"hidden\" name=\"_wpcf7_locale\" value=\"en_US\" \/>\n<input type=\"hidden\" name=\"_wpcf7_unit_tag\" value=\"wpcf7-f19305-o1\" \/>\n<input type=\"hidden\" name=\"_wpcf7_container_post\" value=\"0\" \/>\n<input type=\"hidden\" name=\"_wpcf7_posted_data_hash\" value=\"\" \/>\n<input type=\"hidden\" name=\"_wpcf7_recaptcha_response\" value=\"\" \/>\n<\/div>\n<div class=\"cs-ds-bg\">\n\t<div class=\"cs-ds-fx\">\n\t\t<div class=\"lft\">\n\t\t\t<p><label> Name<span style=\"color:red;\" >*<\/span> <\/label>\n\t\t\t<\/p>\n\t\t\t<p><span class=\"wpcf7-form-control-wrap\" data-name=\"your-name\"><input size=\"40\" maxlength=\"400\" class=\"wpcf7-form-control wpcf7-text wpcf7-validates-as-required\" aria-required=\"true\" aria-invalid=\"false\" value=\"\" type=\"text\" name=\"your-name\" \/><\/span>\n\t\t\t<\/p>\n\t\t<\/div>\n\t\t<div class=\"rgt\">\n\t\t\t<p><label> Family name<span style=\"color:red;\" >*<\/span> <\/label>\n\t\t\t<\/p>\n\t\t\t<p><span class=\"wpcf7-form-control-wrap\" data-name=\"FamilyName\"><input size=\"40\" maxlength=\"400\" class=\"wpcf7-form-control wpcf7-text wpcf7-validates-as-required\" aria-required=\"true\" aria-invalid=\"false\" value=\"\" type=\"text\" name=\"FamilyName\" \/><\/span>\n\t\t\t<\/p>\n\t\t<\/div>\n\t<\/div>\n\t<div class=\"cs-ds-fx\">\n\t\t<div class=\"lft\">\n\t\t\t<p><label> Phone Number <\/label>\n\t\t\t<\/p>\n\t\t\t<p><span class=\"wpcf7-form-control-wrap\" data-name=\"phonenumber\"><input size=\"40\" maxlength=\"400\" class=\"wpcf7-form-control wpcf7-tel wpcf7-text wpcf7-validates-as-tel\" aria-invalid=\"false\" value=\"\" type=\"tel\" name=\"phonenumber\" \/><\/span>\n\t\t\t<\/p>\n\t\t<\/div>\n\t\t<div class=\"rgt\">\n\t\t\t<p><label> E-mail<span style=\"color:red;\" >*<\/span><\/label>\n\t\t\t<\/p>\n\t\t\t<p><span class=\"wpcf7-form-control-wrap\" data-name=\"your-email\"><input size=\"40\" maxlength=\"400\" class=\"wpcf7-form-control wpcf7-email wpcf7-validates-as-required wpcf7-text wpcf7-validates-as-email\" autocomplete=\"email\" aria-required=\"true\" aria-invalid=\"false\" value=\"\" type=\"email\" name=\"your-email\" \/><\/span>\n\t\t\t<\/p>\n\t\t<\/div>\n\t<\/div>\n\t<div class=\"cs-ds-fx\">\n\t\t<div class=\"lft\">\n\t\t\t<p><label> Company Name<span style=\"color:red;\" >*<\/span><\/label>\n\t\t\t<\/p>\n\t\t\t<p><span class=\"wpcf7-form-control-wrap\" data-name=\"your-company\"><input size=\"40\" maxlength=\"400\" class=\"wpcf7-form-control wpcf7-text wpcf7-validates-as-required\" aria-required=\"true\" aria-invalid=\"false\" value=\"\" type=\"text\" name=\"your-company\" \/><\/span>\n\t\t\t<\/p>\n\t\t<\/div>\n\t\t<div class=\"rgt\">\n\t\t\t<p><label> City<span style=\"color:red;\" >*<\/span><\/label>\n\t\t\t<\/p>\n\t\t\t<p><span class=\"wpcf7-form-control-wrap\" data-name=\"your-city\"><input size=\"40\" maxlength=\"400\" class=\"wpcf7-form-control wpcf7-text wpcf7-validates-as-required\" aria-required=\"true\" aria-invalid=\"false\" value=\"\" type=\"text\" name=\"your-city\" \/><\/span>\n\t\t\t<\/p>\n\t\t<\/div>\n\t<\/div>\n\t<div class=\"cs-ds-fx\">\n\t\t<div class=\"lft\">\n\t\t\t<p><label> Country<span style=\"color:red;\" >*<\/span><\/label>\n\t\t\t<\/p>\n\t\t\t<p><span class=\"wpcf7-form-control-wrap\" data-name=\"your-country\"><input size=\"40\" maxlength=\"400\" class=\"wpcf7-form-control wpcf7-text wpcf7-validates-as-required\" aria-required=\"true\" aria-invalid=\"false\" value=\"\" type=\"text\" name=\"your-country\" \/><\/span>\n\t\t\t<\/p>\n\t\t<\/div>\n\t<\/div>\n\t<div class=\"cs-ds-fx\">\n\t<span class=\"wpcf7-form-control-wrap recaptcha\" data-name=\"recaptcha\"><span data-sitekey=\"6Ldg-WsqAAAAALMmqiHAhXFKCCeNaUvqoAuP5sOk\" class=\"wpcf7-form-control wpcf7-recaptcha g-recaptcha\"><\/span>\r\n<noscript>\r\n\t<div class=\"grecaptcha-noscript\">\r\n\t\t<iframe src=\"https:\/\/www.google.com\/recaptcha\/api\/fallback?k=6Ldg-WsqAAAAALMmqiHAhXFKCCeNaUvqoAuP5sOk\" frameborder=\"0\" scrolling=\"no\" width=\"310\" height=\"430\">\r\n\t\t<\/iframe>\r\n\t\t<textarea name=\"g-recaptcha-response\" rows=\"3\" cols=\"40\" placeholder=\"reCaptcha Response Here\">\r\n\t\t<\/textarea>\r\n\t<\/div>\r\n<\/noscript>\r\n<\/span>\n\t<\/div>\n\t<div class=\"cs-ds-fx\">\n\t\t<p><input class=\"wpcf7-form-control wpcf7-submit has-spinner\" type=\"submit\" value=\"Submit\" \/>\n\t\t<\/p>\n\t<\/div>\n<\/div><div class=\"wpcf7-response-output\" aria-hidden=\"true\"><\/div>\n<input type=\"hidden\" name=\"trp-form-language\" value=\"en\"\/><\/form>\n<\/div>\n<\/div>\n\t\t\t\t<\/div>\n\t\t\t\t<\/div>\n\t\t\t\t<div class=\"elementor-element elementor-element-0123b05 elementor-widget elementor-widget-html\" data-id=\"0123b05\" data-element_type=\"widget\" data-widget_type=\"html.default\">\n\t\t\t\t<div class=\"elementor-widget-container\">\n\t\t\t<style>\nbody .wpcf7 form .wpcf7-response-output{\nwidth: 100%;\n}\n.breadcrumb-title-wrapper .breadcrumb-title{\n    display:none;\n}\n@media (min-width:320px) and (max-width:768px){\n.elementor-19304 .elementor-element.elementor-element-fee2011{\npadding:0px !important;\n}\n}\n<\/style>\t\t<\/div>\n\t\t\t\t<\/div>\n\t\t\t\t<\/div>\n\t\t\t\t<\/div>\n\t\t\t\t\t<\/div>\n\t\t\t\t<\/div>\n\t\t\t\t<\/div>","protected":false},"excerpt":{"rendered":"<p>Demande de catalogue Merci pour votre int\u00e9r\u00eat. Veuillez remplir vos coordonn\u00e9es afin de recevoir notre catalogue par e-mail.<\/p>","protected":false},"author":1,"featured_media":0,"parent":0,"menu_order":0,"comment_status":"closed","ping_status":"closed","template":"","meta":{"_uf_show_specific_survey":0,"_uf_disable_surveys":false,"iawp_total_views":13,"footnotes":""},"class_list":["post-19304","page","type-page","status-publish","hentry"],"aioseo_notices":[],"jetpack_sharing_enabled":true,"_links":{"self":[{"href":"https:\/\/www.lesavoirfrance.com\/en\/wp-json\/wp\/v2\/pages\/19304","targetHints":{"allow":["GET"]}}],"collection":[{"href":"https:\/\/www.lesavoirfrance.com\/en\/wp-json\/wp\/v2\/pages"}],"about":[{"href":"https:\/\/www.lesavoirfrance.com\/en\/wp-json\/wp\/v2\/types\/page"}],"author":[{"embeddable":true,"href":"https:\/\/www.lesavoirfrance.com\/en\/wp-json\/wp\/v2\/users\/1"}],"replies":[{"embeddable":true,"href":"https:\/\/www.lesavoirfrance.com\/en\/wp-json\/wp\/v2\/comments?post=19304"}],"version-history":[{"count":87,"href":"https:\/\/www.lesavoirfrance.com\/en\/wp-json\/wp\/v2\/pages\/19304\/revisions"}],"predecessor-version":[{"id":19480,"href":"https:\/\/www.lesavoirfrance.com\/en\/wp-json\/wp\/v2\/pages\/19304\/revisions\/19480"}],"wp:attachment":[{"href":"https:\/\/www.lesavoirfrance.com\/en\/wp-json\/wp\/v2\/media?parent=19304"}],"curies":[{"name":"wp","href":"https:\/\/api.w.org\/{rel}","templated":true}]}}