
{"id":9988,"date":"2024-10-28T10:11:12","date_gmt":"2024-10-28T10:11:12","guid":{"rendered":"https:\/\/www.lesavoirfrance.com\/\/?page_id=9988"},"modified":"2026-04-01T11:44:58","modified_gmt":"2026-04-01T11:44:58","slug":"about-us","status":"publish","type":"page","link":"https:\/\/www.lesavoirfrance.com\/en\/about-us\/","title":{"rendered":"About us"},"content":{"rendered":"<div class=\"wp-block-group custom-about-us\"><div class=\"wp-block-group__inner-container is-layout-constrained wp-block-group-is-layout-constrained\"><figure class=\"wp-block-image size-large\"><img decoding=\"async\" src=\"\/wp-content\/uploads\/2025\/04\/about-us-img-3-1.jpg\" alt=\"\" class=\"wp-image-10751\"\/><\/figure><\/div>\n\n<div style=\"margin:30px 0px;\"><p>Le Savoir Vivre was founded in the summer of 2024 in the charming village of Valbonne, in the South of France, just a stone\u2019s throw from Grasse, the world\u2019s perfume capital. Born from a passion for craftsmanship, beauty, and fragrance, the Maison was created with a clear vision: to craft the world\u2019s finest scented candles and perfumes, using natural ingredients and drawing inspiration from the perfume heritage of Grasse.<\/p>\n<p>Rooted in the heritage of French perfumery and inspired by a refined art of living, Le Savoir Vivre combines exceptional materials, artisanal craftsmanship, and timeless elegance. True to its name, the House embodies a vision of luxury in every setting, where each creation elevates everyday life with warmth, beauty, and refinement.<\/p>\n<\/div><\/div><\/div><p class=\"custom-about-content\" id=\"about-us-content\"><\/p><p><\/p>","protected":false},"excerpt":{"rendered":"<p>Le Savoir Vivre a \u00e9t\u00e9 fond\u00e9e \u00e0 l\u2019\u00e9t\u00e9 2024 dans le charmant village de Valbonne, dans le Sud de la France, \u00e0 deux pas de Grasse, capitale mondiale du parfum. N\u00e9e d\u2019une passion pour l\u2019artisanat, la beaut\u00e9 et le parfum, la Maison est n\u00e9e d\u2019une vision claire : cr\u00e9er les plus belles bougies parfum\u00e9es et [&hellip;]<\/p>\n","protected":false},"author":1,"featured_media":0,"parent":0,"menu_order":0,"comment_status":"closed","ping_status":"closed","template":"","meta":{"_uf_show_specific_survey":0,"_uf_disable_surveys":false,"iawp_total_views":93,"footnotes":""},"class_list":["post-9988","page","type-page","status-publish","hentry"],"aioseo_notices":[],"jetpack_sharing_enabled":true,"_links":{"self":[{"href":"https:\/\/www.lesavoirfrance.com\/en\/wp-json\/wp\/v2\/pages\/9988","targetHints":{"allow":["GET"]}}],"collection":[{"href":"https:\/\/www.lesavoirfrance.com\/en\/wp-json\/wp\/v2\/pages"}],"about":[{"href":"https:\/\/www.lesavoirfrance.com\/en\/wp-json\/wp\/v2\/types\/page"}],"author":[{"embeddable":true,"href":"https:\/\/www.lesavoirfrance.com\/en\/wp-json\/wp\/v2\/users\/1"}],"replies":[{"embeddable":true,"href":"https:\/\/www.lesavoirfrance.com\/en\/wp-json\/wp\/v2\/comments?post=9988"}],"version-history":[{"count":180,"href":"https:\/\/www.lesavoirfrance.com\/en\/wp-json\/wp\/v2\/pages\/9988\/revisions"}],"predecessor-version":[{"id":19216,"href":"https:\/\/www.lesavoirfrance.com\/en\/wp-json\/wp\/v2\/pages\/9988\/revisions\/19216"}],"wp:attachment":[{"href":"https:\/\/www.lesavoirfrance.com\/en\/wp-json\/wp\/v2\/media?parent=9988"}],"curies":[{"name":"wp","href":"https:\/\/api.w.org\/{rel}","templated":true}]}}