
{"id":11016,"date":"2025-01-23T09:30:07","date_gmt":"2025-01-23T09:30:07","guid":{"rendered":"https:\/\/www.lesavoirfrance.com\/\/shop\/\/"},"modified":"2025-09-23T07:12:13","modified_gmt":"2025-09-23T07:12:13","slug":"candle-gold","status":"publish","type":"product","link":"https:\/\/www.lesavoirfrance.com\/en\/product\/candle-gold\/","title":{"rendered":"Gold"},"content":{"rendered":"<p>Width 7 cm &amp; Height 8 cm<\/p>\n<p>Bring Color into your life with our standard Color Line scented candles. Bright, for all occasions, and easy to take the magic of scented aromas where the road takes you!<\/p>\n<p>Guaranteed French origin<\/p>\n<ul>\n<li>Vegan<\/li>\n<li>All Natural<\/li>\n<li><span data-teams=\"true\">Paraffin<\/span> Free<\/li>\n<li>Non toxic<\/li>\n<\/ul>\n<p>Apportez de la couleur dans votre vie avec nos bougies parfum\u00e9es Color Line standard. Lumineux, pour toutes les occasions, et facile \u00e0 emporter avec la magie des ar\u00f4mes parfum\u00e9s l\u00e0 o\u00f9 la route vous m\u00e8ne !<\/p>\n<p><img decoding=\"async\" class=\"alignnone wp-image-14839 size-medium\" src=\"https:\/\/www.lesavoirfrance.com\/wp-content\/uploads\/2025\/03\/favourite-img.png\" alt=\"\" width=\"70%\" height=\"auto\" \/><\/p>","protected":false},"excerpt":{"rendered":"<p>Width 7 cm &amp; Height 8 cm Bring Color into your life with our standard Color Line scented candles. Bright, for all occasions, and easy to take the magic of scented aromas where the road takes you! Guaranteed French origin Vegan All Natural Paraffin Free Non toxic Apportez de la couleur dans votre vie avec [&hellip;]<\/p>\n","protected":false},"featured_media":16567,"template":"","meta":{"_uf_show_specific_survey":0,"_uf_disable_surveys":false,"iawp_total_views":14},"product_cat":[308],"product_tag":[],"class_list":{"0":"post-11016","1":"product","2":"type-product","3":"status-publish","4":"has-post-thumbnail","6":"product_cat-color-line","8":"first","9":"instock","10":"taxable","11":"shipping-taxable","12":"purchasable","13":"product-type-variable"},"aioseo_notices":[],"jetpack_sharing_enabled":true,"_links":{"self":[{"href":"https:\/\/www.lesavoirfrance.com\/en\/wp-json\/wp\/v2\/product\/11016","targetHints":{"allow":["GET"]}}],"collection":[{"href":"https:\/\/www.lesavoirfrance.com\/en\/wp-json\/wp\/v2\/product"}],"about":[{"href":"https:\/\/www.lesavoirfrance.com\/en\/wp-json\/wp\/v2\/types\/product"}],"wp:featuredmedia":[{"embeddable":true,"href":"https:\/\/www.lesavoirfrance.com\/en\/wp-json\/wp\/v2\/media\/16567"}],"wp:attachment":[{"href":"https:\/\/www.lesavoirfrance.com\/en\/wp-json\/wp\/v2\/media?parent=11016"}],"wp:term":[{"taxonomy":"product_cat","embeddable":true,"href":"https:\/\/www.lesavoirfrance.com\/en\/wp-json\/wp\/v2\/product_cat?post=11016"},{"taxonomy":"product_tag","embeddable":true,"href":"https:\/\/www.lesavoirfrance.com\/en\/wp-json\/wp\/v2\/product_tag?post=11016"}],"curies":[{"name":"wp","href":"https:\/\/api.w.org\/{rel}","templated":true}]}}