
{"id":11262,"date":"2024-11-07T07:26:35","date_gmt":"2024-11-07T07:26:35","guid":{"rendered":"https:\/\/www.lesavoirfrance.com\/\/store\/\/"},"modified":"2026-04-02T07:03:35","modified_gmt":"2026-04-02T07:03:35","slug":"candle-refills-4","status":"publish","type":"product","link":"https:\/\/www.lesavoirfrance.com\/en\/product\/candle-refills-4\/","title":{"rendered":"Very Small Refills"},"content":{"rendered":"<p>The weight is 160 g.<\/p>\n<p>Guaranteed French origin<\/p>\n<ul>\n<li>Vegan<\/li>\n<li>100 % natural<\/li>\n<li>Paraffin-free<\/li>\n<li>Non-toxic<\/li>\n<\/ul>\n<p>The high-quality natural wax scented candle contains a high concentration of aromas that guarantee the best aromatic experience.<\/p>\n<p><strong>Ships in: 1-2 weeks<\/strong><\/p>\n<p>&nbsp;<\/p>\n<p><img decoding=\"async\" class=\"alignnone size-medium wp-image-14841\" src=\"https:\/\/www.lesavoirfrance.com\/wp-content\/uploads\/2024\/11\/favourite-img.png\" alt=\"\" width=\"70%\" height=\"auto\" \/><\/p>","protected":false},"excerpt":{"rendered":"<p>Le poids est de 160 g. Origine fran\u00e7aise garantie Vegan 100 % naturelle Sans paraffine Non toxique La bougie parfum\u00e9e en cire naturelle de haute qualit\u00e9 contiennent une forte concentration d\u2019ar\u00f4mes qui garantissent la meilleure exp\u00e9rience aromatique Ships in: 1- 2 weeks &nbsp;<\/p>","protected":false},"featured_media":16557,"template":"","meta":{"_uf_show_specific_survey":0,"_uf_disable_surveys":false,"iawp_total_views":23},"product_cat":[18],"product_tag":[],"class_list":{"0":"post-11262","1":"product","2":"type-product","3":"status-publish","4":"has-post-thumbnail","6":"product_cat-candle-refills","8":"first","9":"instock","10":"taxable","11":"shipping-taxable","12":"purchasable","13":"product-type-variable"},"aioseo_notices":[],"jetpack_sharing_enabled":true,"_links":{"self":[{"href":"https:\/\/www.lesavoirfrance.com\/en\/wp-json\/wp\/v2\/product\/11262","targetHints":{"allow":["GET"]}}],"collection":[{"href":"https:\/\/www.lesavoirfrance.com\/en\/wp-json\/wp\/v2\/product"}],"about":[{"href":"https:\/\/www.lesavoirfrance.com\/en\/wp-json\/wp\/v2\/types\/product"}],"wp:featuredmedia":[{"embeddable":true,"href":"https:\/\/www.lesavoirfrance.com\/en\/wp-json\/wp\/v2\/media\/16557"}],"wp:attachment":[{"href":"https:\/\/www.lesavoirfrance.com\/en\/wp-json\/wp\/v2\/media?parent=11262"}],"wp:term":[{"taxonomy":"product_cat","embeddable":true,"href":"https:\/\/www.lesavoirfrance.com\/en\/wp-json\/wp\/v2\/product_cat?post=11262"},{"taxonomy":"product_tag","embeddable":true,"href":"https:\/\/www.lesavoirfrance.com\/en\/wp-json\/wp\/v2\/product_tag?post=11262"}],"curies":[{"name":"wp","href":"https:\/\/api.w.org\/{rel}","templated":true}]}}