
{"id":12829,"date":"2024-11-29T12:38:11","date_gmt":"2024-11-29T12:38:11","guid":{"rendered":"https:\/\/www.lesavoirfrance.com\/?post_type=product&#038;p=12829"},"modified":"2026-04-02T06:46:11","modified_gmt":"2026-04-02T06:46:11","slug":"signature-black-large","status":"publish","type":"product","link":"https:\/\/www.lesavoirfrance.com\/en\/product\/signature-black-large\/","title":{"rendered":"Signature Natural Black Scented Candle \u2013 1700 g (Large)"},"content":{"rendered":"<p>Pure lines, timeless contrast, and understated elegance define the Signature Noir &amp; Blanc Collection. Created to embody the essence of Le Savoir Vivre, these candles bring together minimalist beauty and refined fragrance in objects designed to enhance every interior.\n\nCrafted with care in our atelier in Valbonne, South of France, each candle is made from natural ingredients and presented in a matte black or matte white finish, revealing a style that is both modern and timeless. Their clean silhouette and distinctive character make them as decorative as they are fragrant.\n\nAvailable in different sizes, the Signature Noir &amp; Blanc Collection is designed to perfume the home with elegance, while adding a touch of sophistication to every setting. A collection that reflects the beauty of simplicity, the refinement of craftsmanship, and the art of French living.<\/p>\n<p>Guaranteed French origin<\/p>\n<ul>\n<li>Vegan<\/li>\n<li>100 % natural<\/li>\n<li>Paraffin-free<\/li>\n<li>Non-toxic<\/li>\n<\/ul>\n<p>The high-quality natural wax scented candle contains a high concentration of aromas that guarantee the best aromatic experience.<\/p>\n<p><strong>Ships in: 1-2 weeks<\/strong><\/p>\n<p>&nbsp;<\/p>\n<p><img decoding=\"async\" class=\"alignnone wp-image-14839 size-medium\" src=\"https:\/\/www.lesavoirfrance.com\/wp-content\/uploads\/2025\/03\/favourite-img.png\" alt=\"\" width=\"70%\" height=\"auto\" \/><\/p>","protected":false},"excerpt":{"rendered":"<p>Expression d\u2019une \u00e9l\u00e9gance intemporelle, la Collection Signature Noir &amp; Blanc incarne la puret\u00e9 des lignes, la force du contraste et le raffinement de la simplicit\u00e9. Habill\u00e9es de finitions mates noires ou blanches, ces bougies r\u00e9v\u00e8lent une esth\u00e9tique sobre, sophistiqu\u00e9e et r\u00e9solument intemporelle. Coul\u00e9e \u00e0 la main dans notre atelier \u00e0 Valbonne, dans le Sud de [&hellip;]<\/p>\n","protected":false},"featured_media":19190,"template":"","meta":{"_uf_show_specific_survey":0,"_uf_disable_surveys":false,"iawp_total_views":103},"product_cat":[310],"product_tag":[],"class_list":{"0":"post-12829","1":"product","2":"type-product","3":"status-publish","4":"has-post-thumbnail","6":"product_cat-signature-collection","8":"first","9":"instock","10":"taxable","11":"shipping-taxable","12":"purchasable","13":"product-type-variable"},"aioseo_notices":[],"jetpack_sharing_enabled":true,"_links":{"self":[{"href":"https:\/\/www.lesavoirfrance.com\/en\/wp-json\/wp\/v2\/product\/12829","targetHints":{"allow":["GET"]}}],"collection":[{"href":"https:\/\/www.lesavoirfrance.com\/en\/wp-json\/wp\/v2\/product"}],"about":[{"href":"https:\/\/www.lesavoirfrance.com\/en\/wp-json\/wp\/v2\/types\/product"}],"wp:featuredmedia":[{"embeddable":true,"href":"https:\/\/www.lesavoirfrance.com\/en\/wp-json\/wp\/v2\/media\/19190"}],"wp:attachment":[{"href":"https:\/\/www.lesavoirfrance.com\/en\/wp-json\/wp\/v2\/media?parent=12829"}],"wp:term":[{"taxonomy":"product_cat","embeddable":true,"href":"https:\/\/www.lesavoirfrance.com\/en\/wp-json\/wp\/v2\/product_cat?post=12829"},{"taxonomy":"product_tag","embeddable":true,"href":"https:\/\/www.lesavoirfrance.com\/en\/wp-json\/wp\/v2\/product_tag?post=12829"}],"curies":[{"name":"wp","href":"https:\/\/api.w.org\/{rel}","templated":true}]}}