
{"id":14909,"date":"2025-03-29T07:22:27","date_gmt":"2025-03-29T07:22:27","guid":{"rendered":"https:\/\/www.lesavoirfrance.com\/?post_type=product&#038;p=14909"},"modified":"2026-04-02T06:42:05","modified_gmt":"2026-04-02T06:42:05","slug":"royal-affair","status":"publish","type":"product","link":"https:\/\/www.lesavoirfrance.com\/en\/product\/royal-affair\/","title":{"rendered":"Royal Affair"},"content":{"rendered":"<p>A unisex eau de parfum that masterfully blends Arabic and floral notes, creating a captivating and powerful fragrance. Where all the iconic notes unite in a captivating and intense aesthetic.<\/p>\n<p>Eau de Parfum 100ML\/3.4Oz.<\/p>\n<p><strong>Ships in: 1-2 weeks<\/strong><\/p>","protected":false},"excerpt":{"rendered":"<p>Une eau de parfum unisexe qui associe avec ma\u00eetrise des notes arabes et florales, cr\u00e9ant un parfum envo\u00fbtant et puissant. Lorsque toutes les notes embl\u00e9matiques s\u2019unissent dans une esth\u00e9tique captivante et intense. Eau de Parfum 100ML\/3.4Oz. Ships in: 1- 2 weeks<\/p>","protected":false},"featured_media":18723,"template":"","meta":{"_uf_show_specific_survey":0,"_uf_disable_surveys":false,"iawp_total_views":45},"product_cat":[328],"product_tag":[],"class_list":{"0":"post-14909","1":"product","2":"type-product","3":"status-publish","4":"has-post-thumbnail","6":"product_cat-scentic-studio","8":"first","9":"instock","10":"taxable","11":"shipping-taxable","12":"purchasable","13":"product-type-simple"},"aioseo_notices":[],"jetpack_sharing_enabled":true,"_links":{"self":[{"href":"https:\/\/www.lesavoirfrance.com\/en\/wp-json\/wp\/v2\/product\/14909","targetHints":{"allow":["GET"]}}],"collection":[{"href":"https:\/\/www.lesavoirfrance.com\/en\/wp-json\/wp\/v2\/product"}],"about":[{"href":"https:\/\/www.lesavoirfrance.com\/en\/wp-json\/wp\/v2\/types\/product"}],"wp:featuredmedia":[{"embeddable":true,"href":"https:\/\/www.lesavoirfrance.com\/en\/wp-json\/wp\/v2\/media\/18723"}],"wp:attachment":[{"href":"https:\/\/www.lesavoirfrance.com\/en\/wp-json\/wp\/v2\/media?parent=14909"}],"wp:term":[{"taxonomy":"product_cat","embeddable":true,"href":"https:\/\/www.lesavoirfrance.com\/en\/wp-json\/wp\/v2\/product_cat?post=14909"},{"taxonomy":"product_tag","embeddable":true,"href":"https:\/\/www.lesavoirfrance.com\/en\/wp-json\/wp\/v2\/product_tag?post=14909"}],"curies":[{"name":"wp","href":"https:\/\/api.w.org\/{rel}","templated":true}]}}