
{"id":14916,"date":"2025-03-29T07:40:13","date_gmt":"2025-03-29T07:40:13","guid":{"rendered":"https:\/\/www.lesavoirfrance.com\/?post_type=product&#038;p=14916"},"modified":"2026-04-02T06:41:45","modified_gmt":"2026-04-02T06:41:45","slug":"gentleman-sandalwood","status":"publish","type":"product","link":"https:\/\/www.lesavoirfrance.com\/en\/product\/gentleman-sandalwood\/","title":{"rendered":"Gentleman Sandalwood"},"content":{"rendered":"<p>A unisex eau de parfum that combines one of the most famous notes, sublimated to its most perfect level of harmony. This fragrance seduces you with the velvety warmth of sandalwood and an unforgettable trail.<\/p>\n<p>Eau de Parfum 100ML\/3.4Oz.<\/p>\n<p>Ships in: 1-2 weeks<\/p>","protected":false},"excerpt":{"rendered":"<p>Une eau de parfum unisexe qui associe l\u2019une des notes les plus c\u00e9l\u00e8bres, sublim\u00e9e \u00e0 son niveau d\u2019harmonie le plus parfait. Cette fragrance vous s\u00e9duit par la chaleur velout\u00e9e du bois de santal et par un sillage inoubliable. Eau de Parfum 100ML\/3.4Oz. Ships in: 1- 2 weeks<\/p>","protected":false},"featured_media":18724,"template":"","meta":{"_uf_show_specific_survey":0,"_uf_disable_surveys":false,"iawp_total_views":46},"product_cat":[328],"product_tag":[],"class_list":{"0":"post-14916","1":"product","2":"type-product","3":"status-publish","4":"has-post-thumbnail","6":"product_cat-scentic-studio","8":"first","9":"instock","10":"taxable","11":"shipping-taxable","12":"purchasable","13":"product-type-simple"},"aioseo_notices":[],"jetpack_sharing_enabled":true,"_links":{"self":[{"href":"https:\/\/www.lesavoirfrance.com\/en\/wp-json\/wp\/v2\/product\/14916","targetHints":{"allow":["GET"]}}],"collection":[{"href":"https:\/\/www.lesavoirfrance.com\/en\/wp-json\/wp\/v2\/product"}],"about":[{"href":"https:\/\/www.lesavoirfrance.com\/en\/wp-json\/wp\/v2\/types\/product"}],"wp:featuredmedia":[{"embeddable":true,"href":"https:\/\/www.lesavoirfrance.com\/en\/wp-json\/wp\/v2\/media\/18724"}],"wp:attachment":[{"href":"https:\/\/www.lesavoirfrance.com\/en\/wp-json\/wp\/v2\/media?parent=14916"}],"wp:term":[{"taxonomy":"product_cat","embeddable":true,"href":"https:\/\/www.lesavoirfrance.com\/en\/wp-json\/wp\/v2\/product_cat?post=14916"},{"taxonomy":"product_tag","embeddable":true,"href":"https:\/\/www.lesavoirfrance.com\/en\/wp-json\/wp\/v2\/product_tag?post=14916"}],"curies":[{"name":"wp","href":"https:\/\/api.w.org\/{rel}","templated":true}]}}