
{"id":14923,"date":"2025-03-29T07:42:31","date_gmt":"2025-03-29T07:42:31","guid":{"rendered":"https:\/\/www.lesavoirfrance.com\/?post_type=product&#038;p=14923"},"modified":"2026-04-02T06:41:58","modified_gmt":"2026-04-02T06:41:58","slug":"rainbow-goddess","status":"publish","type":"product","link":"https:\/\/www.lesavoirfrance.com\/en\/product\/rainbow-goddess\/","title":{"rendered":"Goddess of the rainbow"},"content":{"rendered":"<p>We&#039;ve discovered a fragrant story that celebrates dreams and joy. This fragrance embodies a vibrant floral experience that envelops the composition in a deliciously addictive way.<\/p>\n<p>Eau de Parfum 100ML\/3.4Oz.<\/p>\n<p><strong>Ships in: 1-2 weeks<\/strong><\/p>","protected":false},"excerpt":{"rendered":"<p>Nous avons d\u00e9couvert une histoire parfum\u00e9e qui c\u00e9l\u00e8bre les r\u00eaves et la joie. Cette fragrance incarne une exp\u00e9rience florale vibrante qui enveloppe la composition d\u2019une exp\u00e9rience d\u00e9licieusement addictive. Eau de Parfum 100ML\/3.4Oz. Ships in: 1- 2 weeks<\/p>","protected":false},"featured_media":18728,"template":"","meta":{"_uf_show_specific_survey":0,"_uf_disable_surveys":false,"iawp_total_views":55},"product_cat":[328],"product_tag":[],"class_list":{"0":"post-14923","1":"product","2":"type-product","3":"status-publish","4":"has-post-thumbnail","6":"product_cat-scentic-studio","8":"first","9":"instock","10":"taxable","11":"shipping-taxable","12":"purchasable","13":"product-type-simple"},"aioseo_notices":[],"jetpack_sharing_enabled":true,"_links":{"self":[{"href":"https:\/\/www.lesavoirfrance.com\/en\/wp-json\/wp\/v2\/product\/14923","targetHints":{"allow":["GET"]}}],"collection":[{"href":"https:\/\/www.lesavoirfrance.com\/en\/wp-json\/wp\/v2\/product"}],"about":[{"href":"https:\/\/www.lesavoirfrance.com\/en\/wp-json\/wp\/v2\/types\/product"}],"wp:featuredmedia":[{"embeddable":true,"href":"https:\/\/www.lesavoirfrance.com\/en\/wp-json\/wp\/v2\/media\/18728"}],"wp:attachment":[{"href":"https:\/\/www.lesavoirfrance.com\/en\/wp-json\/wp\/v2\/media?parent=14923"}],"wp:term":[{"taxonomy":"product_cat","embeddable":true,"href":"https:\/\/www.lesavoirfrance.com\/en\/wp-json\/wp\/v2\/product_cat?post=14923"},{"taxonomy":"product_tag","embeddable":true,"href":"https:\/\/www.lesavoirfrance.com\/en\/wp-json\/wp\/v2\/product_tag?post=14923"}],"curies":[{"name":"wp","href":"https:\/\/api.w.org\/{rel}","templated":true}]}}