
{"id":16411,"date":"2025-06-21T07:22:01","date_gmt":"2025-06-21T07:22:01","guid":{"rendered":"https:\/\/www.lesavoirfrance.com\/?post_type=product&#038;p=16411"},"modified":"2026-04-02T06:56:47","modified_gmt":"2026-04-02T06:56:47","slug":"elite-reed-diffuser-200ml-2","status":"publish","type":"product","link":"https:\/\/www.lesavoirfrance.com\/en\/product\/elite-reed-diffuser-200ml-2\/","title":{"rendered":"Elite Reed Diffuser \u2013 200 ml"},"content":{"rendered":"<p>Create a unique moment of serenity with our subtly crafted and harmoniously assembled fragrance diffusers. The large diffuser comes with separate reeds and is also refillable, providing passive diffusion for 5 to 6 months.<\/p>\n<p>Our home fragrance brand always designs its fragrances in a vegan and cruelty-free environment.<\/p>\n<p><strong>Ships in: 1-2 weeks<\/strong><\/p>\n<p><img decoding=\"async\" class=\"alignnone size-medium wp-image-14841\" src=\"https:\/\/www.lesavoirfrance.com\/wp-content\/uploads\/2024\/11\/favourite-img.png\" alt=\"\" width=\"70%\" height=\"auto\" \/><\/p>","protected":false},"excerpt":{"rendered":"<p>Cr\u00e9ez un moment unique de s\u00e9r\u00e9nit\u00e9 gr\u00e2ce \u00e0 nos diffuseurs de parfum subtilement \u00e9labor\u00e9s et harmonieusement assembl\u00e9s. Le grand diffuseur est propos\u00e9 avec des b\u00e2tonnets s\u00e9par\u00e9s et est \u00e9galement rechargeable, offrant une diffusion passive d\u2019une dur\u00e9e de 5 \u00e0 6 mois. Notre marque de parfums d\u2019int\u00e9rieur con\u00e7oit toujours ses fragrances dans un environnement vegan et [&hellip;]<\/p>\n","protected":false},"featured_media":19117,"template":"","meta":{"_uf_show_specific_survey":0,"_uf_disable_surveys":false,"iawp_total_views":116},"product_cat":[332],"product_tag":[],"class_list":{"0":"post-16411","1":"product","2":"type-product","3":"status-publish","4":"has-post-thumbnail","6":"product_cat-reed-diffusers","8":"first","9":"instock","10":"shipping-taxable","11":"purchasable","12":"product-type-variable"},"aioseo_notices":[],"jetpack_sharing_enabled":true,"_links":{"self":[{"href":"https:\/\/www.lesavoirfrance.com\/en\/wp-json\/wp\/v2\/product\/16411","targetHints":{"allow":["GET"]}}],"collection":[{"href":"https:\/\/www.lesavoirfrance.com\/en\/wp-json\/wp\/v2\/product"}],"about":[{"href":"https:\/\/www.lesavoirfrance.com\/en\/wp-json\/wp\/v2\/types\/product"}],"wp:featuredmedia":[{"embeddable":true,"href":"https:\/\/www.lesavoirfrance.com\/en\/wp-json\/wp\/v2\/media\/19117"}],"wp:attachment":[{"href":"https:\/\/www.lesavoirfrance.com\/en\/wp-json\/wp\/v2\/media?parent=16411"}],"wp:term":[{"taxonomy":"product_cat","embeddable":true,"href":"https:\/\/www.lesavoirfrance.com\/en\/wp-json\/wp\/v2\/product_cat?post=16411"},{"taxonomy":"product_tag","embeddable":true,"href":"https:\/\/www.lesavoirfrance.com\/en\/wp-json\/wp\/v2\/product_tag?post=16411"}],"curies":[{"name":"wp","href":"https:\/\/api.w.org\/{rel}","templated":true}]}}