
{"id":167,"date":"2024-11-29T12:39:18","date_gmt":"2024-11-29T12:39:18","guid":{"rendered":"https:\/\/www.lesavoirfrance.com\/\/?post_type=product&#038;p=167"},"modified":"2026-04-02T06:46:22","modified_gmt":"2026-04-02T06:46:22","slug":"signature-black-medium","status":"publish","type":"product","link":"https:\/\/www.lesavoirfrance.com\/en\/product\/signature-black-medium\/","title":{"rendered":"Signature Natural Black Scented Candle \u2013 1000 g (Medium)"},"content":{"rendered":"<p>An expression of timeless elegance, the Signature Black &amp; White Collection embodies the purity of lines, the power of contrast, and the refinement of simplicity. Finished in matte black or white, these candles reveal a restrained, sophisticated, and resolutely timeless aesthetic.<\/p>\n<p>Hand-poured in our workshop in Valbonne, in the South of France, each creation is crafted from natural ingredients and designed to transform the atmosphere of an interior through its visual presence and refined fragrance. More than just a candle, each piece becomes a distinctive decorative object, true to the world of Le Savoir Vivre.<\/p>\n<p>Available in several formats, the Signature Black &amp; White Collection brings balance, character, and elegance to the interior. An ode to simplicity, craftsmanship, and the French art of living.<\/p>\n<p>This high-quality natural wax scented candle contains a high concentration of aromas, guaranteeing an exceptional olfactory experience.<\/p>\n<p>Guaranteed French origin<\/p>\n<ul>\n<li>Vegan<\/li>\n<li>100 % natural<\/li>\n<li>Paraffin-free<\/li>\n<li>Non-toxic<\/li>\n<\/ul>\n<p>The high-quality natural wax scented candle contains a high concentration of aromas that guarantee the best aromatic experience.<\/p>\n<p><strong>Ships in: 1-2 weeks<\/strong><\/p>\n<p><img decoding=\"async\" class=\"alignnone wp-image-14839 size-medium\" src=\"https:\/\/www.lesavoirfrance.com\/wp-content\/uploads\/2025\/03\/favourite-img.png\" alt=\"\" width=\"70%\" height=\"auto\" \/><\/p>","protected":false},"excerpt":{"rendered":"<p>Expression d\u2019une \u00e9l\u00e9gance intemporelle, la Collection Signature Noir &amp; Blanc incarne la puret\u00e9 des lignes, la force du contraste et le raffinement de la simplicit\u00e9. Habill\u00e9es de finitions mates noires ou blanches, ces bougies r\u00e9v\u00e8lent une esth\u00e9tique sobre, sophistiqu\u00e9e et r\u00e9solument intemporelle. Coul\u00e9e \u00e0 la main dans notre atelier \u00e0 Valbonne, dans le Sud de [&hellip;]<\/p>\n","protected":false},"featured_media":19192,"template":"","meta":{"_uf_show_specific_survey":0,"_uf_disable_surveys":false,"iawp_total_views":91},"product_cat":[310],"product_tag":[],"class_list":{"0":"post-167","1":"product","2":"type-product","3":"status-publish","4":"has-post-thumbnail","6":"product_cat-signature-collection","8":"first","9":"instock","10":"taxable","11":"shipping-taxable","12":"purchasable","13":"product-type-variable"},"aioseo_notices":[],"jetpack_sharing_enabled":true,"_links":{"self":[{"href":"https:\/\/www.lesavoirfrance.com\/en\/wp-json\/wp\/v2\/product\/167","targetHints":{"allow":["GET"]}}],"collection":[{"href":"https:\/\/www.lesavoirfrance.com\/en\/wp-json\/wp\/v2\/product"}],"about":[{"href":"https:\/\/www.lesavoirfrance.com\/en\/wp-json\/wp\/v2\/types\/product"}],"wp:featuredmedia":[{"embeddable":true,"href":"https:\/\/www.lesavoirfrance.com\/en\/wp-json\/wp\/v2\/media\/19192"}],"wp:attachment":[{"href":"https:\/\/www.lesavoirfrance.com\/en\/wp-json\/wp\/v2\/media?parent=167"}],"wp:term":[{"taxonomy":"product_cat","embeddable":true,"href":"https:\/\/www.lesavoirfrance.com\/en\/wp-json\/wp\/v2\/product_cat?post=167"},{"taxonomy":"product_tag","embeddable":true,"href":"https:\/\/www.lesavoirfrance.com\/en\/wp-json\/wp\/v2\/product_tag?post=167"}],"curies":[{"name":"wp","href":"https:\/\/api.w.org\/{rel}","templated":true}]}}