
{"id":17345,"date":"2024-11-04T07:12:50","date_gmt":"2024-11-04T07:12:50","guid":{"rendered":"https:\/\/www.lesavoirfrance.com\/product\/recharges-grandes\/"},"modified":"2025-12-05T07:55:10","modified_gmt":"2025-12-05T07:55:10","slug":"recharges-grandes","status":"publish","type":"product","link":"https:\/\/www.lesavoirfrance.com\/en\/product\/recharges-grandes\/","title":{"rendered":"Large Refills"},"content":{"rendered":"<p>Le poids est de 630g.<\/p>\n<p>Origine Fran\u00e7aise Garantie<\/p>\n<ul>\n<li>V\u00e9gan<\/li>\n<li>Tout Naturel<\/li>\n<li>Sans Paraffine<\/li>\n<li>Non-toxic<\/li>\n<\/ul>\n<p>Le poids est de 630g.<\/p>\n<p>The high-quality natural wax scented candle contains a high concentration of aromas that guarantee the best aromatic experience.<\/p>\n<p><img decoding=\"async\" class=\"alignnone size-medium wp-image-14841\" src=\"https:\/\/www.lesavoirfrance.com\/wp-content\/uploads\/2024\/11\/favourite-img.png\" alt=\"\" width=\"70%\" height=\"auto\" \/><\/p>","protected":false},"excerpt":{"rendered":"<p>Le poids est de 630g. Origine Fran\u00e7aise Garantie V\u00e9gan Tout Naturel Sans Paraffine Non toxique Le poids est de 630g. La bougie parfum\u00e9e en cire naturelle de haute qualit\u00e9 contiennent une forte concentration d\u2019ar\u00f4mes qui garantissent la meilleure exp\u00e9rience aromatique<\/p>","protected":false},"featured_media":16735,"template":"","meta":{"_uf_show_specific_survey":0,"_uf_disable_surveys":false,"iawp_total_views":0},"product_cat":[347],"product_tag":[],"class_list":{"0":"post-17345","1":"product","2":"type-product","3":"status-publish","4":"has-post-thumbnail","6":"product_cat-recharges-de-bougies","8":"first","9":"instock","10":"taxable","11":"shipping-taxable","12":"purchasable","13":"product-type-variable"},"aioseo_notices":[],"jetpack_sharing_enabled":true,"_links":{"self":[{"href":"https:\/\/www.lesavoirfrance.com\/en\/wp-json\/wp\/v2\/product\/17345","targetHints":{"allow":["GET"]}}],"collection":[{"href":"https:\/\/www.lesavoirfrance.com\/en\/wp-json\/wp\/v2\/product"}],"about":[{"href":"https:\/\/www.lesavoirfrance.com\/en\/wp-json\/wp\/v2\/types\/product"}],"wp:featuredmedia":[{"embeddable":true,"href":"https:\/\/www.lesavoirfrance.com\/en\/wp-json\/wp\/v2\/media\/16735"}],"wp:attachment":[{"href":"https:\/\/www.lesavoirfrance.com\/en\/wp-json\/wp\/v2\/media?parent=17345"}],"wp:term":[{"taxonomy":"product_cat","embeddable":true,"href":"https:\/\/www.lesavoirfrance.com\/en\/wp-json\/wp\/v2\/product_cat?post=17345"},{"taxonomy":"product_tag","embeddable":true,"href":"https:\/\/www.lesavoirfrance.com\/en\/wp-json\/wp\/v2\/product_tag?post=17345"}],"curies":[{"name":"wp","href":"https:\/\/api.w.org\/{rel}","templated":true}]}}